{"id":784,"date":"2021-04-06T19:58:06","date_gmt":"2021-04-06T19:58:06","guid":{"rendered":"http:\/\/melissasuites.com\/?page_id=784"},"modified":"2021-04-09T22:00:35","modified_gmt":"2021-04-09T22:00:35","slug":"semt","status":"publish","type":"page","link":"https:\/\/melissasuites.com\/tr\/semt\/","title":{"rendered":"Semt"},"content":{"rendered":"<div id='full_slider_1'  class='avia-fullwidth-slider main_color avia-shadow   avia-builder-el-0  el_before_av_one_third  avia-builder-el-first   container_wrap fullsize'  ><div  class='avia-slideshow av-kn8nsxdo-7d60249d9bff7b3b58ca222ba45746e9 avia-slideshow-featured av_slideshow_full avia-slide-slider av-slideshow-ui av-control-default av-slideshow-manual av-loop-once av-loop-manual-endless av-default-height-applied   avia-slideshow-1' data-slideshow-options=\"{&quot;animation&quot;:&quot;slide&quot;,&quot;autoplay&quot;:false,&quot;loop_autoplay&quot;:&quot;once&quot;,&quot;interval&quot;:5,&quot;loop_manual&quot;:&quot;manual-endless&quot;,&quot;autoplay_stopper&quot;:false,&quot;noNavigation&quot;:false,&quot;bg_slider&quot;:false,&quot;keep_padding&quot;:false,&quot;hoverpause&quot;:false,&quot;show_slide_delay&quot;:0}\"  itemprop=\"image\" itemscope=\"itemscope\" itemtype=\"https:\/\/schema.org\/ImageObject\" ><ul class='avia-slideshow-inner ' style='padding-bottom: 28.666666666667%;'><li  class='avia-slideshow-slide av-kn8nsxdo-7d60249d9bff7b3b58ca222ba45746e9__0  av-single-slide slide-1 slide-odd'><div data-rel='slideshow-1' class='avia-slide-wrap '   ><img decoding=\"async\" fetchpriority=\"high\" class=\"wp-image-1139 avia-img-lazy-loading-not-1139\"  src=\"https:\/\/melissasuites.com\/wp-content\/uploads\/sunset-928360-1-1500x430.jpg\" width=\"1500\" height=\"430\" title='sunset-928360' alt=''  itemprop=\"thumbnailUrl\"   \/><\/div><\/li><\/ul><\/div><\/div><div id='after_full_slider_1'  class='main_color av_default_container_wrap container_wrap fullsize'  ><div class='container av-section-cont-open' ><div class='template-page content  av-content-full alpha units'><div class='post-entry post-entry-type-page post-entry-784'><div class='entry-content-wrapper clearfix'>\n\n<style type=\"text\/css\" data-created_by=\"avia_inline_auto\" id=\"style-css-av-dxpk8-8c167aba1d1d542b347678c3bd306c60\">\n.flex_column.av-dxpk8-8c167aba1d1d542b347678c3bd306c60{\nborder-radius:0px 0px 0px 0px;\npadding:0px 0px 0px 0px;\n}\n<\/style>\n<div  class='flex_column av-dxpk8-8c167aba1d1d542b347678c3bd306c60 av_one_third  avia-builder-el-1  el_after_av_slideshow_full  el_before_av_one_third  avia-builder-el-first  first flex_column_div av-zero-column-padding  '     ><section  class='av_textblock_section av-kn8unomq-42dd831d4ef9a4e2927871e4102df8df '   itemscope=\"itemscope\" itemtype=\"https:\/\/schema.org\/CreativeWork\" ><div class='avia_textblock'  itemprop=\"text\" ><h3><strong>Antalya Merkez \u0130\u00e7erisinde Gezilecek Yerler:<\/strong><\/h3>\n<ul>\n<li>Kalei\u00e7i<\/li>\n<li>Antalya Saat Kulesi<\/li>\n<li>Hadrian Kap\u0131s\u0131<\/li>\n<li>Kesik Minare<\/li>\n<li>Karaalio\u011flu Park\u0131<\/li>\n<li>Murat Pa\u015fa Camii<\/li>\n<li>Yivli Minare<\/li>\n<li>H\u0131d\u0131rl\u0131k Kulesi<\/li>\n<li>Karain Ma\u011faras\u0131<\/li>\n<li>D\u00fcden \u015eelalesi<\/li>\n<li>Kur\u015funlu \u015eelalesi<\/li>\n<li>Antalya M\u00fczesi<\/li>\n<li>Elmal\u0131 M\u00fczesi<\/li>\n<li>Antalya Atat\u00fcrk Evi M\u00fczesi<\/li>\n<li>Antalya Oyuncak M\u00fczesi<\/li>\n<li>Suna &amp; \u0130nan K\u0131ra\u00e7 Kalei\u00e7i M\u00fczesi<\/li>\n<li>Lara Plaj\u0131<\/li>\n<\/ul>\n<\/div><\/section><\/div>\n\n<style type=\"text\/css\" data-created_by=\"avia_inline_auto\" id=\"style-css-av-a3ee8-4f3a05e69fd09ecb39db16a956f90577\">\n.flex_column.av-a3ee8-4f3a05e69fd09ecb39db16a956f90577{\nborder-radius:0px 0px 0px 0px;\npadding:0px 0px 0px 0px;\n}\n<\/style>\n<div  class='flex_column av-a3ee8-4f3a05e69fd09ecb39db16a956f90577 av_one_third  avia-builder-el-3  el_after_av_one_third  el_before_av_one_third  flex_column_div av-zero-column-padding  '     ><section  class='av_textblock_section av-kn8v27wv-575240a152aaaae71873ee0b198a0bb7 '   itemscope=\"itemscope\" itemtype=\"https:\/\/schema.org\/CreativeWork\" ><div class='avia_textblock'  itemprop=\"text\" ><h3>Antalya Merkez \u00c7evresinde Gezilebilecek Yerler<\/h3>\n<p><strong>Antalya Sakl\u0131kent\u2019te Gezilecek Yerler<\/strong><\/p>\n<ul>\n<li>Sakl\u0131kent Kayak Merkezi<\/li>\n<\/ul>\n<p><strong>Antalya Serik\u2019te Gezilecek Yerler<\/strong><\/p>\n<ul>\n<li>Aspendos<\/li>\n<\/ul>\n<p><strong>G\u00fcll\u00fck Da\u011f\u0131\u2019nda Gezilecek Yerler<\/strong><\/p>\n<ul>\n<li>Termessos Antik Kenti<\/li>\n<\/ul>\n<p><strong>Ka\u015f ve Kalkan\u2019da Gezilecek Yerler<\/strong><\/p>\n<ul>\n<li>Xanthos Antik Kenti<\/li>\n<li>Kaputa\u015f Plaj\u0131<\/li>\n<li>Patara Plaj\u0131<\/li>\n<li>Meis Adas\u0131<\/li>\n<li>K\u00fc\u00e7\u00fck \u00c7ak\u0131l Plaj\u0131<\/li>\n<li>B\u00fcy\u00fck \u00c7ak\u0131l Plaj\u0131<\/li>\n<\/ul>\n<p><strong>Finike\u2019de Gezilecek Yerler<\/strong><\/p>\n<ul>\n<li>Arykanda \u00d6ren Yeri<\/li>\n<li>Andrea Doria Koyu<\/li>\n<\/ul>\n<p><strong>Manavgat\u2019ta Gezilecek Yerler<\/strong><\/p>\n<ul>\n<li>Side Antik Tiyatrosu<\/li>\n<li>Selge Antik Kenti<\/li>\n<li>Manavgat \u015eelalesi<\/li>\n<\/ul>\n<p><strong>Kumluca\u2019da Gezilecek Yerler<\/strong><\/p>\n<ul>\n<li>Rhodiapolis Antik Kenti<\/li>\n<li>Adrasan Koyu<\/li>\n<li>Olympos Plaj\u0131<\/li>\n<\/ul>\n<p><strong>Kemer\u2019de Gezilecek Yerler<\/strong><\/p>\n<ul>\n<li>Phaselis Antik Kenti<\/li>\n<li>Phaselis Plaj\u0131<\/li>\n<\/ul>\n<p><strong>Aksu\u2019da Gezilecek Yerler<\/strong><\/p>\n<ul>\n<li>Perge Antik Kenti<\/li>\n<\/ul>\n<p><strong>Alanya\u2019da Gezilecek Yerler<\/strong><\/p>\n<ul>\n<li>Alanya Kalesi<\/li>\n<li>Kleopatra Plaj\u0131<\/li>\n<li>\u0130ncekum Plaj\u0131<\/li>\n<\/ul>\n<p><strong>Konyaalt\u0131\u2019nda Gezilecek Yerler<\/strong><\/p>\n<ul>\n<li>Konyaalt\u0131 Plaj\u0131<\/li>\n<\/ul>\n<p><strong>Gazipa\u015fa&#8217;da Gezilecek Yerler<\/strong><\/p>\n<ul>\n<li>Delikdeniz ve Kral Koyu<\/li>\n<\/ul>\n<p><strong>Demre-Kekova&#8217;da Gezilecek Yerler<\/strong><\/p>\n<ul>\n<li>Tersane Koyu<\/li>\n<\/ul>\n<\/div><\/section><\/div>\n\n<style type=\"text\/css\" data-created_by=\"avia_inline_auto\" id=\"style-css-av-tc5s-7099311336748312c904bae55763fe6e\">\n.flex_column.av-tc5s-7099311336748312c904bae55763fe6e{\nborder-radius:0px 0px 0px 0px;\npadding:0px 0px 0px 0px;\n}\n<\/style>\n<div  class='flex_column av-tc5s-7099311336748312c904bae55763fe6e av_one_third  avia-builder-el-5  el_after_av_one_third  avia-builder-el-last  flex_column_div av-zero-column-padding  '     ><section  class='av_textblock_section av-kn8vsv46-e8361dac178de15f46debb789aae7acc '   itemscope=\"itemscope\" itemtype=\"https:\/\/schema.org\/CreativeWork\" ><div class='avia_textblock'  itemprop=\"text\" ><h3><strong>Antalya Hakk\u0131nda Bilgiler Sunan Siteler<\/strong><\/h3>\n<ul>\n<li><a href=\"https:\/\/tr.wikipedia.org\/wiki\/Antalya\" target=\"_blank\" rel=\"noopener\">Wikipedia<\/a><\/li>\n<li><a href=\"https:\/\/antalya.com.tr\/\" target=\"_blank\" rel=\"noopener\">antalya.com.tr<\/a><\/li>\n<li><a href=\"http:\/\/www.traveltoantalya.com\" target=\"_blank\" rel=\"noopener\">Travel To Antalya<\/a><\/li>\n<li><a href=\"https:\/\/antalyacityzone.com\/\" target=\"_blank\" rel=\"noopener\">Antalya City Zone<\/a><\/li>\n<\/ul>\n<\/div><\/section><\/div>\n","protected":false},"excerpt":{"rendered":"","protected":false},"author":1,"featured_media":0,"parent":0,"menu_order":0,"comment_status":"closed","ping_status":"closed","template":"","meta":{"footnotes":""},"class_list":["post-784","page","type-page","status-publish","hentry"],"yoast_head":"<!-- This site is optimized with the Yoast SEO plugin v27.2 - https:\/\/yoast.com\/product\/yoast-seo-wordpress\/ -->\n<title>Semt - Melissa&#039;s Rental Suites<\/title>\n<meta name=\"robots\" content=\"index, follow, max-snippet:-1, max-image-preview:large, max-video-preview:-1\" \/>\n<link rel=\"canonical\" href=\"https:\/\/melissasuites.com\/tr\/semt\/\" \/>\n<meta property=\"og:locale\" content=\"tr_TR\" \/>\n<meta property=\"og:type\" content=\"article\" \/>\n<meta property=\"og:title\" content=\"Semt - Melissa&#039;s Rental Suites\" \/>\n<meta property=\"og:url\" content=\"https:\/\/melissasuites.com\/tr\/semt\/\" \/>\n<meta property=\"og:site_name\" content=\"Melissa&#039;s Rental Suites\" \/>\n<meta property=\"article:modified_time\" content=\"2021-04-09T22:00:35+00:00\" \/>\n<meta name=\"twitter:card\" content=\"summary_large_image\" \/>\n<meta name=\"twitter:label1\" content=\"Tahmini okuma s\u00fcresi\" \/>\n\t<meta name=\"twitter:data1\" content=\"1 dakika\" \/>\n<script type=\"application\/ld+json\" class=\"yoast-schema-graph\">{\"@context\":\"https:\/\/schema.org\",\"@graph\":[{\"@type\":\"WebPage\",\"@id\":\"https:\/\/melissasuites.com\/tr\/semt\/\",\"url\":\"https:\/\/melissasuites.com\/tr\/semt\/\",\"name\":\"Semt - Melissa&#039;s Rental Suites\",\"isPartOf\":{\"@id\":\"https:\/\/melissasuites.com\/tr\/#website\"},\"datePublished\":\"2021-04-06T19:58:06+00:00\",\"dateModified\":\"2021-04-09T22:00:35+00:00\",\"breadcrumb\":{\"@id\":\"https:\/\/melissasuites.com\/tr\/semt\/#breadcrumb\"},\"inLanguage\":\"tr\",\"potentialAction\":[{\"@type\":\"ReadAction\",\"target\":[\"https:\/\/melissasuites.com\/tr\/semt\/\"]}]},{\"@type\":\"BreadcrumbList\",\"@id\":\"https:\/\/melissasuites.com\/tr\/semt\/#breadcrumb\",\"itemListElement\":[{\"@type\":\"ListItem\",\"position\":1,\"name\":\"Home\",\"item\":\"https:\/\/melissasuites.com\/tr\/ana-sayfa\/\"},{\"@type\":\"ListItem\",\"position\":2,\"name\":\"Semt\"}]},{\"@type\":\"WebSite\",\"@id\":\"https:\/\/melissasuites.com\/tr\/#website\",\"url\":\"https:\/\/melissasuites.com\/tr\/\",\"name\":\"Melissa&#039;s Rental Suites\",\"description\":\"\",\"potentialAction\":[{\"@type\":\"SearchAction\",\"target\":{\"@type\":\"EntryPoint\",\"urlTemplate\":\"https:\/\/melissasuites.com\/tr\/?s={search_term_string}\"},\"query-input\":{\"@type\":\"PropertyValueSpecification\",\"valueRequired\":true,\"valueName\":\"search_term_string\"}}],\"inLanguage\":\"tr\"}]}<\/script>\n<!-- \/ Yoast SEO plugin. -->","yoast_head_json":{"title":"Semt - Melissa&#039;s Rental Suites","robots":{"index":"index","follow":"follow","max-snippet":"max-snippet:-1","max-image-preview":"max-image-preview:large","max-video-preview":"max-video-preview:-1"},"canonical":"https:\/\/melissasuites.com\/tr\/semt\/","og_locale":"tr_TR","og_type":"article","og_title":"Semt - Melissa&#039;s Rental Suites","og_url":"https:\/\/melissasuites.com\/tr\/semt\/","og_site_name":"Melissa&#039;s Rental Suites","article_modified_time":"2021-04-09T22:00:35+00:00","twitter_card":"summary_large_image","twitter_misc":{"Tahmini okuma s\u00fcresi":"1 dakika"},"schema":{"@context":"https:\/\/schema.org","@graph":[{"@type":"WebPage","@id":"https:\/\/melissasuites.com\/tr\/semt\/","url":"https:\/\/melissasuites.com\/tr\/semt\/","name":"Semt - Melissa&#039;s Rental Suites","isPartOf":{"@id":"https:\/\/melissasuites.com\/tr\/#website"},"datePublished":"2021-04-06T19:58:06+00:00","dateModified":"2021-04-09T22:00:35+00:00","breadcrumb":{"@id":"https:\/\/melissasuites.com\/tr\/semt\/#breadcrumb"},"inLanguage":"tr","potentialAction":[{"@type":"ReadAction","target":["https:\/\/melissasuites.com\/tr\/semt\/"]}]},{"@type":"BreadcrumbList","@id":"https:\/\/melissasuites.com\/tr\/semt\/#breadcrumb","itemListElement":[{"@type":"ListItem","position":1,"name":"Home","item":"https:\/\/melissasuites.com\/tr\/ana-sayfa\/"},{"@type":"ListItem","position":2,"name":"Semt"}]},{"@type":"WebSite","@id":"https:\/\/melissasuites.com\/tr\/#website","url":"https:\/\/melissasuites.com\/tr\/","name":"Melissa&#039;s Rental Suites","description":"","potentialAction":[{"@type":"SearchAction","target":{"@type":"EntryPoint","urlTemplate":"https:\/\/melissasuites.com\/tr\/?s={search_term_string}"},"query-input":{"@type":"PropertyValueSpecification","valueRequired":true,"valueName":"search_term_string"}}],"inLanguage":"tr"}]}},"_links":{"self":[{"href":"https:\/\/melissasuites.com\/tr\/wp-json\/wp\/v2\/pages\/784","targetHints":{"allow":["GET"]}}],"collection":[{"href":"https:\/\/melissasuites.com\/tr\/wp-json\/wp\/v2\/pages"}],"about":[{"href":"https:\/\/melissasuites.com\/tr\/wp-json\/wp\/v2\/types\/page"}],"author":[{"embeddable":true,"href":"https:\/\/melissasuites.com\/tr\/wp-json\/wp\/v2\/users\/1"}],"replies":[{"embeddable":true,"href":"https:\/\/melissasuites.com\/tr\/wp-json\/wp\/v2\/comments?post=784"}],"version-history":[{"count":9,"href":"https:\/\/melissasuites.com\/tr\/wp-json\/wp\/v2\/pages\/784\/revisions"}],"predecessor-version":[{"id":1147,"href":"https:\/\/melissasuites.com\/tr\/wp-json\/wp\/v2\/pages\/784\/revisions\/1147"}],"wp:attachment":[{"href":"https:\/\/melissasuites.com\/tr\/wp-json\/wp\/v2\/media?parent=784"}],"curies":[{"name":"wp","href":"https:\/\/api.w.org\/{rel}","templated":true}]}}